{"id":26,"date":"2020-11-19T18:12:56","date_gmt":"2020-11-19T17:12:56","guid":{"rendered":"http:\/\/yoga-brignoles.com\/blog\/?page_id=26"},"modified":"2021-04-01T11:30:47","modified_gmt":"2021-04-01T09:30:47","slug":"all-about-me","status":"publish","type":"page","link":"https:\/\/yoga-brignoles.com\/blog\/all-about-me\/","title":{"rendered":"Manon &#8211; guide de yoga \u00e0 Brignoles"},"content":{"rendered":"\n<p class=\"has-drop-cap\">Hello ! Je suis Manon, et \u00e0 travers ce blog, je m\u00eale mes deux professions, l&rsquo;<strong>\u00e9criture<\/strong> et le <strong>yoga<\/strong>. <\/p>\n\n\n\n<p>\u00c9trangement, ces deux sont li\u00e9s depuis le tout d\u00e9but : alors que je voulais faire ma formation de professeur de yoga, j&rsquo;avais besoin de pas mal d&rsquo;argent. <\/p>\n\n\n\n<p>La r\u00e9daction web s&rsquo;est pr\u00e9sent\u00e9e d&rsquo;elle-m\u00eame pour y parvenir, et s&rsquo;est fait sa petite place au fil du temps. Au bout de quelques mois d&rsquo;\u00e9criture et d&rsquo;\u00e9conomie, j&rsquo;y suis arriv\u00e9e. Et depuis, j&rsquo;\u00e9cris la journ\u00e9e, je donne des cours de yoga la nuit, et je me forme occasionnellement, mais g\u00e9n\u00e9ralement au moins une fois par an. <\/p>\n\n\n\n<p>J&rsquo;ai ainsi suivi mon 200+Hour Ready-to-Lead Training en <strong>Str\u00e5la Yoga<\/strong> aupr\u00e8s de Tara Stiles et Mike Taylor &#8211; les deux cr\u00e9ateurs et fondateurs du Str\u00e5la Yoga &#8211; en novembre 2016.<\/p>\n\n\n\n<p>J&rsquo;ai ensuite effectu\u00e9 mon 300+Hour Advanced Leadership Training, en juillet et ao\u00fbt 2019, toujours \u00e0 Berlin avec Tara Stiles et Mike Taylor. <\/p>\n\n\n\n<p>J&rsquo;ai continu\u00e9 mon voyage avec le <strong>Yin Yoga<\/strong>, un style compl\u00e9mentaire au Str\u00e5la Yoga, avec une formation de 50 heures propos\u00e9e par YUJ avec Carole Arm\u00f6et en octobre 2020, puis un module compl\u00e9mentaire de 50 heures en d\u00e9cembre 2020 avec la m\u00eame professeur.<\/p>\n\n\n\n<p>Pendant ce temps, je continue de me former en Str\u00e5la avec un module de 100 heures en ligne &#8211; merci COVID.<\/p>\n\n\n\n<p>La suite au prochain \u00e9pisode !<\/p>\n","protected":false},"excerpt":{"rendered":"<p>Hello ! Je suis Manon, et \u00e0 travers ce blog, je m\u00eale mes deux professions, l&rsquo;\u00e9criture et le yoga. \u00c9trangement, ces deux sont li\u00e9s depuis le tout d\u00e9but : alors que je voulais faire ma ...<\/p>\n","protected":false},"author":1,"featured_media":102,"parent":0,"menu_order":0,"comment_status":"closed","ping_status":"closed","template":"","meta":{"footnotes":""},"_links":{"self":[{"href":"https:\/\/yoga-brignoles.com\/blog\/wp-json\/wp\/v2\/pages\/26"}],"collection":[{"href":"https:\/\/yoga-brignoles.com\/blog\/wp-json\/wp\/v2\/pages"}],"about":[{"href":"https:\/\/yoga-brignoles.com\/blog\/wp-json\/wp\/v2\/types\/page"}],"author":[{"embeddable":true,"href":"https:\/\/yoga-brignoles.com\/blog\/wp-json\/wp\/v2\/users\/1"}],"replies":[{"embeddable":true,"href":"https:\/\/yoga-brignoles.com\/blog\/wp-json\/wp\/v2\/comments?post=26"}],"version-history":[{"count":7,"href":"https:\/\/yoga-brignoles.com\/blog\/wp-json\/wp\/v2\/pages\/26\/revisions"}],"predecessor-version":[{"id":263,"href":"https:\/\/yoga-brignoles.com\/blog\/wp-json\/wp\/v2\/pages\/26\/revisions\/263"}],"wp:featuredmedia":[{"embeddable":true,"href":"https:\/\/yoga-brignoles.com\/blog\/wp-json\/wp\/v2\/media\/102"}],"wp:attachment":[{"href":"https:\/\/yoga-brignoles.com\/blog\/wp-json\/wp\/v2\/media?parent=26"}],"curies":[{"name":"wp","href":"https:\/\/api.w.org\/{rel}","templated":true}]}}